{"id":646,"date":"2015-02-02T12:47:17","date_gmt":"2015-02-02T12:47:17","guid":{"rendered":"https:\/\/vilaula.lt\/?page_id=646"},"modified":"2023-06-30T11:30:50","modified_gmt":"2023-06-30T08:30:50","slug":"vestuves-vila-vestuvems","status":"publish","type":"page","link":"https:\/\/vilaula.lt\/ru\/vestuves-vila-vestuvems\/","title":{"rendered":"\u0421\u0432\u0430\u0434\u044c\u0431\u044b"},"content":{"rendered":"<p><\/p>\n<p style=\"text-align: justify;\"><strong>\u041e\u0442\u0435\u043b\u044c \u0412\u0438\u043b\u043b\u0430 \u0423\u043b\u0430 (<\/strong><strong>Vila<\/strong><strong>\u00a0<\/strong><strong>\u016a<\/strong><strong>la<\/strong><strong>)<\/strong>\u00a0\u2013 \u044d\u0442\u043e \u0438\u0434\u0435\u0430\u043b\u044c\u043d\u043e\u0435 \u043c\u0435\u0441\u0442\u043e \u0434\u043b\u044f \u0412\u0430\u0448\u0435\u0439\u00a0<strong> \u0441\u0432\u0430\u0434\u044c\u0431\u044b<\/strong>. \u0412\u0430\u0448\u0438 \u0433\u043e\u0441\u0442\u0438 \u043c\u043e\u0433\u0443\u0442 \u043d\u0430\u0441\u043b\u0430\u0436\u0434\u0430\u0442\u044c\u0441\u044f \u043f\u043e\u043a\u043e\u0435\u043c, \u0441\u0432\u0435\u0436\u0438\u043c \u0432\u043e\u0437\u0434\u0443\u0445\u043e\u043c \u0438 \u0432\u0435\u043b\u0438\u043a\u043e\u043b\u0435\u043f\u043d\u043e\u0439 \u043f\u0440\u0438\u0440\u043e\u0434\u043e\u0439.<\/p>\n<p style=\"text-align: justify;\"><strong>\u0411\u0430\u043d\u043a\u0435\u0442\u043d\u044b\u0439 \u0437\u0430\u043b<\/strong><strong>\u00a0<\/strong>\u0432\u043c\u0435\u0449\u0430\u0435\u0442 \u0434\u043e 50 \u0447\u0435\u043b\u043e\u0432\u0435\u043a. \u0423\u0441\u0442\u0430\u043d\u043e\u0432\u043b\u0435\u043d\u043d\u043e\u0435 \u0437\u0434\u0435\u0441\u044c \u0441\u043e\u0432\u0440\u0435\u043c\u0435\u043d\u043d\u043e\u0435 \u0430\u0443\u0434\u0438\u043e- \u0438 \u0432\u0438\u0434\u0435\u043e\u043e\u0431\u043e\u0440\u0443\u0434\u043e\u0432\u0430\u043d\u0438\u0435 \u043e\u0431\u0435\u0441\u043f\u0435\u0447\u0438\u0442 \u0441\u043b\u0430\u0436\u0435\u043d\u043d\u044b\u0439 \u0445\u043e\u0434 \u043c\u0435\u0440\u043e\u043f\u0440\u0438\u044f\u0442\u0438\u044f.<\/p>\n<p style=\"text-align: justify;\">\u041f\u0440\u043e\u0444\u0435\u0441\u0441\u0438\u043e\u043d\u0430\u043b\u044c\u043d\u044b\u0439 \u043f\u0435\u0440\u0441\u043e\u043d\u0430\u043b \u043d\u0430\u0448\u0435\u0433\u043e \u043e\u0442\u0435\u043b\u044f \u043f\u0440\u0438\u043b\u043e\u0436\u0438\u0442 \u0432\u0441\u0435 \u0441\u0438\u043b\u044b \u0438 \u043e\u043f\u044b\u0442 \u0447\u0442\u043e\u0431\u044b \u043f\u043e\u043c\u043e\u0447\u044c \u0412\u0430\u043c \u043e\u0440\u0433\u0430\u043d\u0438\u0437\u043e\u0432\u0430\u0442\u044c \u0412\u0430\u0448 \u043f\u0440\u0430\u0437\u0434\u043d\u0438\u043a:<\/p>\n<ul style=\"text-align: justify;\">\n<li>\u041f\u043e\u043c\u043e\u0436\u0435\u043c \u0441\u043e\u0433\u043b\u0430\u0441\u043e\u0432\u0430\u0442\u044c \u043f\u0440\u0430\u0437\u0434\u043d\u0438\u0447\u043d\u043e\u0435 \u043c\u0435\u043d\u044e: \u0445\u043e\u043b\u043e\u0434\u043d\u044b\u0435 \u0437\u0430\u043a\u0443\u0441\u043a\u0438, \u0433\u043e\u0440\u044f\u0447\u0438\u0435 \u0431\u043b\u044e\u0434\u0430. \u041f\u043e \u0432\u0430\u0448\u0435\u043c\u0443 \u0432\u043a\u0443\u0441\u0443 \u043f\u043e\u0434\u0431\u0435\u0440\u0435\u043c \u0437\u0430\u043a\u0443\u0441\u043a\u0438 \u043a \u043f\u0438\u0432\u043d\u043e\u043c\u0443 \u0438\u043b\u0438 \u0441\u043b\u0430\u0434\u043a\u043e\u043c\u0443 \u0441\u0442\u043e\u043b\u0443.<\/li>\n<li>\u0421\u0442\u0430\u043d\u0434\u0430\u0440\u0442\u043d\u043e \u0434\u0435\u043a\u043e\u0440\u0438\u0440\u0443\u0435\u043c \u0431\u0430\u043d\u043a\u0435\u0442\u043d\u044b\u0439 \u0437\u0430\u043b, \u00a0\u043a\u043e\u043c\u043d\u0430\u0442\u0443 \u043c\u043e\u043b\u043e\u0434\u043e\u0436\u0435\u043d\u043e\u0432 \u0438 \u0434\u0440\u0443\u0433\u0438\u0435 \u043f\u043e\u043c\u0435\u0449\u0435\u043d\u0438\u044f;<\/li>\n<li>\u041e\u0440\u0433\u0430\u043d\u0438\u0437\u0443\u0435\u043c \u043e\u0431\u0441\u043b\u0443\u0436\u0438\u0432\u0430\u044e\u0449\u0438\u0439 \u043f\u0435\u0440\u0441\u043e\u043d\u0430\u043b;<\/li>\n<li>\u0420\u0435\u043a\u043e\u043c\u0435\u043d\u0434\u0443\u0435\u043c \u043f\u0440\u043e\u0432\u0435\u0440\u0435\u043d\u043d\u044b\u0445 \u043e\u0440\u0433\u0430\u043d\u0438\u0437\u0430\u0442\u043e\u0440\u043e\u0432 \u0441\u0432\u0430\u0434\u0435\u0431, \u0432\u0435\u0434\u0443\u0449\u0438\u0445, \u043c\u0443\u0437\u044b\u043a\u0430\u043d\u0442\u043e\u0432, \u0444\u043e\u0442\u043e\u0433\u0440\u0430\u0444\u043e\u0432, \u043e\u0440\u0433\u0430\u043d\u0438\u0437\u0430\u0442\u043e\u0440\u043e\u0432 \u043c\u0438\u043d\u0438 \u0448\u043e\u0443 \u0438 \u0434\u0440\u0443\u0433\u0438\u0445;<\/li>\n<li>\u041f\u043e\u0437\u0430\u0431\u043e\u0442\u0438\u043c\u0441\u044f \u043e \u043f\u0440\u043e\u0436\u0438\u0432\u0430\u043d\u0438\u0438 \u0433\u043e\u0441\u0442\u0435\u0439, \u0430\u0432\u0442\u043e\u043c\u043e\u0431\u0438\u043b\u044f\u043c\u0438 \u043d\u0430 \u043f\u0430\u0440\u043a\u043e\u0432\u043a\u0435;<\/li>\n<li>\u041d\u0430 \u0432\u0442\u043e\u0440\u043e\u0439 \u0434\u0435\u043d\u044c \u0441\u0432\u0430\u0434\u044c\u0431\u044b \u043f\u0440\u0438\u0433\u043b\u0430\u0441\u0438\u043c \u0432 \u0441\u0430\u0443\u043d\u044b \u0438 \u0447\u0430\u043d\u044b \u043d\u0430 \u0431\u0435\u0440\u0435\u0433\u0443 \u043e\u0437\u0435\u0440\u0430, \u0433\u0434\u0435 \u0441\u043c\u043e\u0436\u0435\u0442\u0435 \u043e\u0442\u0434\u043e\u0445\u043d\u0443\u0442\u044c \u0438 \u043e\u0431\u0441\u0443\u0434\u0438\u0442\u044c \u0432\u043f\u0435\u0447\u0430\u0442\u043b\u0435\u043d\u0438\u044f \u043e\u0442 \u0441\u0432\u0430\u0434\u044c\u0431\u044b. \u0422\u0430\u043a\u0436\u0435 \u043e\u0442\u0434\u044b\u0445 \u0432 \u0441\u0430\u0443\u043d\u0435 \u0438\u043b\u0438 \u0432 \u0431\u0430\u043d\u043d\u044b\u043c \u0447\u0430\u043d\u0435 \u043f\u043e\u043c\u043e\u0433\u0443 \u043f\u0440\u0438\u0434\u0442\u0438 \u0432 \u0441\u0435\u0431\u044f \u043f\u043e\u0441\u043b\u0435 \u043f\u0440\u0430\u0437\u0434\u043d\u0438\u0447\u043d\u043e\u0439 \u043d\u043e\u0447\u0438\u2026 .<\/li>\n<\/ul>\n<h2 style=\"text-align: justify;\">\u0412\u0418\u041b\u041b\u0410 \u0423\u041b\u0410 \u2013 \u041f\u0420\u0415\u041a\u0420\u0410\u0421\u041d\u041e\u0415 \u041c\u0415\u0421\u0422\u041e \u0414\u041b\u042f \u0412\u0430\u0448\u0435\u0439 \u0421\u0412\u0410\u0414\u042c\u0411\u042b<\/h2>\n<p style=\"text-align: justify;\">\u041c\u043e\u043b\u043e\u0434\u044b\u0435 \u043c\u043e\u0433\u0443\u0442 \u0437\u0430\u043a\u0430\u0437\u0430\u0442\u044c \u043d\u0430 \u0441\u0432\u0430\u0434\u044c\u0431\u0443 \u0440\u043e\u0441\u043a\u043e\u0448\u043d\u0443\u044e \u043a\u0430\u0440\u0435\u0442\u0443 \u0437\u0430\u043f\u0440\u044f\u0436\u0435\u043d\u043d\u0443\u044e \u043b\u043e\u0448\u0430\u0434\u044c\u043c\u0438, \u0433\u043e\u0441\u0442\u0438 \u0441\u043c\u043e\u0433\u0443\u0442 \u0440\u0430\u0441\u0441\u043b\u0430\u0431\u0438\u0442\u044c\u0441\u044f \u0432 \u043e\u0431\u043e\u0440\u0443\u0434\u043e\u0432\u0430\u043d\u043d\u043e\u0439 \u0440\u044f\u0434\u043e\u043c \u0441 \u0437\u0430\u043b\u043e\u043c \u0431\u0438\u043b\u044c\u044f\u0440\u0434\u043d\u043e\u0439. \u0412\u0435\u0447\u0435\u0440\u043d\u044f\u044f \u043f\u0440\u043e\u0433\u0440\u0430\u043c\u043c\u0430 \u2013 \u043f\u0440\u043e\u0444\u0435\u0441\u0441\u0438\u043e\u043d\u0430\u043b\u044c\u043d\u044b\u0439 \u0431\u0430\u0440\u043c\u0435\u043d \u0438 \u0441\u0430\u043c\u044b\u0435 \u0432\u043a\u0443\u0441\u043d\u044b\u0435 \u043a\u043e\u043a\u0442\u0435\u0439\u043b\u0438 \u0438\u043b\u0438 \u0434\u0430\u0436\u0435\u00a0<a href=\"https:\/\/vilaula.lt\/wp-content\/uploads\/2015\/02\/Spektaklis-INFERNO.pdf\"><strong>\u043e\u0433\u043d\u0435\u043d\u043d\u043e\u0435 \u0448\u043e\u0443 \u00ab<\/strong><strong>INFERNO<\/strong><strong>\u00bb<\/strong><\/a>.<\/p>\n<p style=\"text-align: justify;\"><a href=\"https:\/\/vilaula.lt\/wp-content\/uploads\/2015\/02\/candles-wedding.jpg\"><img loading=\"lazy\" decoding=\"async\" width=\"700\" height=\"308\" class=\"alignnone size-large wp-image-997\" src=\"https:\/\/vilaula.lt\/wp-content\/uploads\/2015\/02\/candles-wedding-700x308.jpg\" alt=\"candles-wedding\" srcset=\"https:\/\/vilaula.lt\/wp-content\/uploads\/2015\/02\/candles-wedding-700x308.jpg 700w, https:\/\/vilaula.lt\/wp-content\/uploads\/2015\/02\/candles-wedding-250x109.jpg 250w, https:\/\/vilaula.lt\/wp-content\/uploads\/2015\/02\/candles-wedding-120x52.jpg 120w, https:\/\/vilaula.lt\/wp-content\/uploads\/2015\/02\/candles-wedding.jpg 1000w\" sizes=\"(max-width: 700px) 100vw, 700px\" \/><\/a><\/p>\n<p><\/p>","protected":false},"excerpt":{"rendered":"\u041e\u0442\u0435\u043b\u044c \u0412\u0438\u043b\u043b\u0430 \u0423\u043b\u0430 (Vila\u00a0\u016ala)\u00a0\u2013 \u044d\u0442\u043e \u0438\u0434\u0435\u0430\u043b\u044c\u043d\u043e\u0435 \u043c\u0435\u0441\u0442\u043e \u0434\u043b\u044f \u0412\u0430\u0448\u0435\u0439\u00a0 \u0441\u0432\u0430\u0434\u044c\u0431\u044b. \u0412\u0430\u0448\u0438 \u0433\u043e\u0441\u0442\u0438 \u043c\u043e\u0433\u0443\u0442 \u043d\u0430\u0441\u043b\u0430\u0436\u0434\u0430\u0442\u044c\u0441\u044f \u043f\u043e\u043a\u043e\u0435\u043c, \u0441\u0432\u0435\u0436\u0438\u043c \u0432\u043e\u0437\u0434\u0443\u0445\u043e\u043c \u0438 \u0432\u0435\u043b\u0438\u043a\u043e\u043b\u0435\u043f\u043d\u043e\u0439 \u043f\u0440\u0438\u0440\u043e\u0434\u043e\u0439. \u0411\u0430\u043d\u043a\u0435\u0442\u043d\u044b\u0439 \u0437\u0430\u043b\u00a0\u0432\u043c\u0435\u0449\u0430\u0435\u0442 \u0434\u043e 50 \u0447\u0435\u043b\u043e\u0432\u0435\u043a. \u0423\u0441\u0442\u0430\u043d\u043e\u0432\u043b\u0435\u043d\u043d\u043e\u0435 \u0437\u0434\u0435\u0441\u044c \u0441\u043e\u0432\u0440\u0435\u043c\u0435\u043d\u043d\u043e\u0435 \u0430\u0443\u0434\u0438\u043e- \u0438 \u0432\u0438\u0434\u0435\u043e\u043e\u0431\u043e\u0440\u0443\u0434\u043e\u0432\u0430\u043d\u0438\u0435 \u043e\u0431\u0435\u0441\u043f\u0435\u0447\u0438\u0442 \u0441\u043b\u0430\u0436\u0435\u043d\u043d\u044b\u0439 \u0445\u043e\u0434 \u043c\u0435\u0440\u043e\u043f\u0440\u0438\u044f\u0442\u0438\u044f. \u041f\u0440\u043e\u0444\u0435\u0441\u0441\u0438\u043e\u043d\u0430\u043b\u044c\u043d\u044b\u0439 \u043f\u0435\u0440\u0441\u043e\u043d\u0430\u043b \u043d\u0430\u0448\u0435\u0433\u043e \u043e\u0442\u0435\u043b\u044f \u043f\u0440\u0438\u043b\u043e\u0436\u0438\u0442 \u0432\u0441\u0435 \u0441\u0438\u043b\u044b \u0438 \u043e\u043f\u044b\u0442 \u0447\u0442\u043e\u0431\u044b \u043f\u043e\u043c\u043e\u0447\u044c \u0412\u0430\u043c \u043e\u0440\u0433\u0430\u043d\u0438\u0437\u043e\u0432\u0430\u0442\u044c \u0412\u0430\u0448 \u043f\u0440\u0430\u0437\u0434\u043d\u0438\u043a: \u041f\u043e\u043c\u043e\u0436\u0435\u043c \u0441\u043e\u0433\u043b\u0430\u0441\u043e\u0432\u0430\u0442\u044c \u043f\u0440\u0430\u0437\u0434\u043d\u0438\u0447\u043d\u043e\u0435 \u043c\u0435\u043d\u044e: \u0445\u043e\u043b\u043e\u0434\u043d\u044b\u0435&#8230; <a class=\"view-article\" href=\"https:\/\/vilaula.lt\/ru\/vestuves-vila-vestuvems\/\">View Article<\/a>","protected":false},"author":4,"featured_media":0,"parent":0,"menu_order":0,"comment_status":"closed","ping_status":"closed","template":"","meta":{"_acf_changed":false,"footnotes":""},"class_list":["post-646","page","type-page","status-publish","hentry"],"acf":[],"yoast_head":"<!-- This site is optimized with the Yoast SEO plugin v23.3 - https:\/\/yoast.com\/wordpress\/plugins\/seo\/ -->\n<title>Vila vestuv\u0117ms, banketai, banketin\u0117 sal\u0117<\/title>\n<meta name=\"description\" content=\"Vila vestuv\u0117ms ir kitoms \u0161vent\u0117ms. Pasirinkite m\u016bs\u0173 vil\u0105 ant e\u017eero kranto ir at\u0161v\u0119skite bet koki\u0105 \u0161eimos ar \u012fmon\u0117s \u0161vent\u0119. Puiki gamta ir absoliuti ramyb\u0117.\" \/>\n<meta name=\"robots\" content=\"index, follow, max-snippet:-1, max-image-preview:large, max-video-preview:-1\" \/>\n<link rel=\"canonical\" href=\"https:\/\/vilaula.lt\/ru\/vestuves-vila-vestuvems\/\" \/>\n<meta property=\"og:locale\" content=\"ru_RU\" \/>\n<meta property=\"og:type\" content=\"article\" \/>\n<meta property=\"og:title\" content=\"Vila vestuv\u0117ms, banketai, banketin\u0117 sal\u0117\" \/>\n<meta property=\"og:description\" content=\"Vila vestuv\u0117ms ir kitoms \u0161vent\u0117ms. Pasirinkite m\u016bs\u0173 vil\u0105 ant e\u017eero kranto ir at\u0161v\u0119skite bet koki\u0105 \u0161eimos ar \u012fmon\u0117s \u0161vent\u0119. Puiki gamta ir absoliuti ramyb\u0117.\" \/>\n<meta property=\"og:url\" content=\"https:\/\/vilaula.lt\/ru\/vestuves-vila-vestuvems\/\" \/>\n<meta property=\"og:site_name\" content=\"VilaUla.lt\" \/>\n<meta property=\"article:publisher\" content=\"https:\/\/www.facebook.com\/VilaUla\" \/>\n<meta property=\"article:modified_time\" content=\"2023-06-30T08:30:50+00:00\" \/>\n<meta property=\"og:image\" content=\"https:\/\/vilaula.lt\/wp-content\/uploads\/2015\/02\/candles-wedding-700x308.jpg\" \/>\n<meta name=\"twitter:label1\" content=\"\u041f\u0440\u0438\u043c\u0435\u0440\u043d\u043e\u0435 \u0432\u0440\u0435\u043c\u044f \u0434\u043b\u044f \u0447\u0442\u0435\u043d\u0438\u044f\" \/>\n\t<meta name=\"twitter:data1\" content=\"4 \u043c\u0438\u043d\u0443\u0442\u044b\" \/>\n<script type=\"application\/ld+json\" class=\"yoast-schema-graph\">{\"@context\":\"https:\/\/schema.org\",\"@graph\":[{\"@type\":\"WebPage\",\"@id\":\"https:\/\/vilaula.lt\/ru\/vestuves-vila-vestuvems\/\",\"url\":\"https:\/\/vilaula.lt\/ru\/vestuves-vila-vestuvems\/\",\"name\":\"Vila vestuv\u0117ms, banketai, banketin\u0117 sal\u0117\",\"isPartOf\":{\"@id\":\"https:\/\/vilaula.lt\/ru\/#website\"},\"primaryImageOfPage\":{\"@id\":\"https:\/\/vilaula.lt\/ru\/vestuves-vila-vestuvems\/#primaryimage\"},\"image\":{\"@id\":\"https:\/\/vilaula.lt\/vestuves-vila-vestuvems\/#primaryimage\"},\"thumbnailUrl\":\"https:\/\/vilaula.lt\/wp-content\/uploads\/2015\/02\/candles-wedding-700x308.jpg\",\"datePublished\":\"2015-02-02T12:47:17+00:00\",\"dateModified\":\"2023-06-30T08:30:50+00:00\",\"description\":\"Vila vestuv\u0117ms ir kitoms \u0161vent\u0117ms. Pasirinkite m\u016bs\u0173 vil\u0105 ant e\u017eero kranto ir at\u0161v\u0119skite bet koki\u0105 \u0161eimos ar \u012fmon\u0117s \u0161vent\u0119. Puiki gamta ir absoliuti ramyb\u0117.\",\"breadcrumb\":{\"@id\":\"https:\/\/vilaula.lt\/ru\/vestuves-vila-vestuvems\/#breadcrumb\"},\"inLanguage\":\"ru-RU\",\"potentialAction\":[{\"@type\":\"ReadAction\",\"target\":[[\"https:\/\/vilaula.lt\/ru\/vestuves-vila-vestuvems\/\"]]}]},{\"@type\":\"ImageObject\",\"inLanguage\":\"ru-RU\",\"@id\":\"https:\/\/vilaula.lt\/ru\/vestuves-vila-vestuvems\/#primaryimage\",\"url\":\"https:\/\/vilaula.lt\/wp-content\/uploads\/2015\/02\/candles-wedding-700x308.jpg\",\"contentUrl\":\"https:\/\/vilaula.lt\/wp-content\/uploads\/2015\/02\/candles-wedding-700x308.jpg\"},{\"@type\":\"BreadcrumbList\",\"@id\":\"https:\/\/vilaula.lt\/ru\/vestuves-vila-vestuvems\/#breadcrumb\",\"itemListElement\":[{\"@type\":\"ListItem\",\"position\":1,\"name\":\"Home\",\"item\":\"https:\/\/vilaula.lt\/ru\/\"},{\"@type\":\"ListItem\",\"position\":2,\"name\":\"Vestuv\u0117s\"}]},{\"@type\":\"WebSite\",\"@id\":\"https:\/\/vilaula.lt\/ru\/#website\",\"url\":\"https:\/\/vilaula.lt\/ru\/\",\"name\":\"VilaUla.lt\",\"description\":\"\u0417\u0430\u0433\u043e\u0440\u043e\u0434\u043d\u044b\u0439 \u043e\u0442\u0434\u044b\u0445 \u043d\u0430 \u043e\u0437\u0435\u0440\u0435\",\"potentialAction\":[{\"@type\":\"SearchAction\",\"target\":{\"@type\":\"EntryPoint\",\"urlTemplate\":\"https:\/\/vilaula.lt\/ru\/?s={search_term_string}\"},\"query-input\":\"required name=search_term_string\"}],\"inLanguage\":\"ru-RU\"}]}<\/script>\n<!-- \/ Yoast SEO plugin. -->","yoast_head_json":{"title":"Vila vestuv\u0117ms, banketai, banketin\u0117 sal\u0117","description":"Vila vestuv\u0117ms ir kitoms \u0161vent\u0117ms. Pasirinkite m\u016bs\u0173 vil\u0105 ant e\u017eero kranto ir at\u0161v\u0119skite bet koki\u0105 \u0161eimos ar \u012fmon\u0117s \u0161vent\u0119. Puiki gamta ir absoliuti ramyb\u0117.","robots":{"index":"index","follow":"follow","max-snippet":"max-snippet:-1","max-image-preview":"max-image-preview:large","max-video-preview":"max-video-preview:-1"},"canonical":"https:\/\/vilaula.lt\/ru\/vestuves-vila-vestuvems\/","og_locale":"ru_RU","og_type":"article","og_title":"Vila vestuv\u0117ms, banketai, banketin\u0117 sal\u0117","og_description":"Vila vestuv\u0117ms ir kitoms \u0161vent\u0117ms. Pasirinkite m\u016bs\u0173 vil\u0105 ant e\u017eero kranto ir at\u0161v\u0119skite bet koki\u0105 \u0161eimos ar \u012fmon\u0117s \u0161vent\u0119. Puiki gamta ir absoliuti ramyb\u0117.","og_url":"https:\/\/vilaula.lt\/ru\/vestuves-vila-vestuvems\/","og_site_name":"VilaUla.lt","article_publisher":"https:\/\/www.facebook.com\/VilaUla","article_modified_time":"2023-06-30T08:30:50+00:00","og_image":[{"url":"https:\/\/vilaula.lt\/wp-content\/uploads\/2015\/02\/candles-wedding-700x308.jpg"}],"twitter_misc":{"\u041f\u0440\u0438\u043c\u0435\u0440\u043d\u043e\u0435 \u0432\u0440\u0435\u043c\u044f \u0434\u043b\u044f \u0447\u0442\u0435\u043d\u0438\u044f":"4 \u043c\u0438\u043d\u0443\u0442\u044b"},"schema":{"@context":"https:\/\/schema.org","@graph":[{"@type":"WebPage","@id":"https:\/\/vilaula.lt\/ru\/vestuves-vila-vestuvems\/","url":"https:\/\/vilaula.lt\/ru\/vestuves-vila-vestuvems\/","name":"Vila vestuv\u0117ms, banketai, banketin\u0117 sal\u0117","isPartOf":{"@id":"https:\/\/vilaula.lt\/ru\/#website"},"primaryImageOfPage":{"@id":"https:\/\/vilaula.lt\/ru\/vestuves-vila-vestuvems\/#primaryimage"},"image":{"@id":"https:\/\/vilaula.lt\/vestuves-vila-vestuvems\/#primaryimage"},"thumbnailUrl":"https:\/\/vilaula.lt\/wp-content\/uploads\/2015\/02\/candles-wedding-700x308.jpg","datePublished":"2015-02-02T12:47:17+00:00","dateModified":"2023-06-30T08:30:50+00:00","description":"Vila vestuv\u0117ms ir kitoms \u0161vent\u0117ms. Pasirinkite m\u016bs\u0173 vil\u0105 ant e\u017eero kranto ir at\u0161v\u0119skite bet koki\u0105 \u0161eimos ar \u012fmon\u0117s \u0161vent\u0119. Puiki gamta ir absoliuti ramyb\u0117.","breadcrumb":{"@id":"https:\/\/vilaula.lt\/ru\/vestuves-vila-vestuvems\/#breadcrumb"},"inLanguage":"ru-RU","potentialAction":[{"@type":"ReadAction","target":[["https:\/\/vilaula.lt\/ru\/vestuves-vila-vestuvems\/"]]}]},{"@type":"ImageObject","inLanguage":"ru-RU","@id":"https:\/\/vilaula.lt\/ru\/vestuves-vila-vestuvems\/#primaryimage","url":"https:\/\/vilaula.lt\/wp-content\/uploads\/2015\/02\/candles-wedding-700x308.jpg","contentUrl":"https:\/\/vilaula.lt\/wp-content\/uploads\/2015\/02\/candles-wedding-700x308.jpg"},{"@type":"BreadcrumbList","@id":"https:\/\/vilaula.lt\/ru\/vestuves-vila-vestuvems\/#breadcrumb","itemListElement":[{"@type":"ListItem","position":1,"name":"Home","item":"https:\/\/vilaula.lt\/ru\/"},{"@type":"ListItem","position":2,"name":"Vestuv\u0117s"}]},{"@type":"WebSite","@id":"https:\/\/vilaula.lt\/ru\/#website","url":"https:\/\/vilaula.lt\/ru\/","name":"VilaUla.lt","description":"\u0417\u0430\u0433\u043e\u0440\u043e\u0434\u043d\u044b\u0439 \u043e\u0442\u0434\u044b\u0445 \u043d\u0430 \u043e\u0437\u0435\u0440\u0435","potentialAction":[{"@type":"SearchAction","target":{"@type":"EntryPoint","urlTemplate":"https:\/\/vilaula.lt\/ru\/?s={search_term_string}"},"query-input":"required name=search_term_string"}],"inLanguage":"ru-RU"}]}},"_links":{"self":[{"href":"https:\/\/vilaula.lt\/ru\/wp-json\/wp\/v2\/pages\/646"}],"collection":[{"href":"https:\/\/vilaula.lt\/ru\/wp-json\/wp\/v2\/pages"}],"about":[{"href":"https:\/\/vilaula.lt\/ru\/wp-json\/wp\/v2\/types\/page"}],"author":[{"embeddable":true,"href":"https:\/\/vilaula.lt\/ru\/wp-json\/wp\/v2\/users\/4"}],"replies":[{"embeddable":true,"href":"https:\/\/vilaula.lt\/ru\/wp-json\/wp\/v2\/comments?post=646"}],"version-history":[{"count":39,"href":"https:\/\/vilaula.lt\/ru\/wp-json\/wp\/v2\/pages\/646\/revisions"}],"predecessor-version":[{"id":4842,"href":"https:\/\/vilaula.lt\/ru\/wp-json\/wp\/v2\/pages\/646\/revisions\/4842"}],"wp:attachment":[{"href":"https:\/\/vilaula.lt\/ru\/wp-json\/wp\/v2\/media?parent=646"}],"curies":[{"name":"wp","href":"https:\/\/api.w.org\/{rel}","templated":true}]}}