{"id":7,"date":"2014-06-04T15:53:44","date_gmt":"2014-06-04T15:53:44","guid":{"rendered":"http:\/\/localhost\/ula\/?page_id=7"},"modified":"2024-02-01T14:59:12","modified_gmt":"2024-02-01T11:59:12","slug":"kambariai-kaimo-turizmo-sodyba","status":"publish","type":"page","link":"https:\/\/vilaula.lt\/en\/kambariai-kaimo-turizmo-sodyba\/","title":{"rendered":"Rooms"},"content":{"rendered":"<p><\/p>\n<h2 style=\"text-align: justify;\">Double rooms<\/h2>\n<p style=\"text-align: justify;\">Cosy double rooms located on the first floor are perfect for individual leisure or romance-seeking couples to spice up everyday life. All rooms offer wireless internet access, TV, private toilet, shower, balcony and are equipped with mini-kitchen (electric stove, fridge, kettle, dishes, cutlery). Important items can be held in a\u00a0safe.<\/p>\n<p style=\"text-align: justify;\">One child under 7 years old\u00a0can be accommodated for free if he does not use an additional bed.<\/p>\n<p style=\"text-align: justify;\">Rooms can be equipped with a bed for an additional sleeper. An additional bed for one person costs\u00a0\u20ac 15 \/ night for younger than 18 years and\u00a0\u20ac20 \/ night for adults.<\/p>\n<p style=\"text-align: justify;\"><a href=\"\/wp-content\/uploads\/2014\/06\/1floor.jpg\"><img loading=\"lazy\" decoding=\"async\" class=\"alignnone wp-image-572 size-full\" src=\"https:\/\/vilaula.lt\/wp-content\/uploads\/2014\/06\/1floor.jpg\" alt=\"kaimo turizmo sodyba\" width=\"700\" height=\"621\" srcset=\"https:\/\/vilaula.lt\/wp-content\/uploads\/2014\/06\/1floor.jpg 700w, https:\/\/vilaula.lt\/wp-content\/uploads\/2014\/06\/1floor-250x221.jpg 250w, https:\/\/vilaula.lt\/wp-content\/uploads\/2014\/06\/1floor-120x106.jpg 120w\" sizes=\"(max-width: 700px) 100vw, 700px\" \/><\/a><\/p>\n<h2 style=\"text-align: justify;\">Four-bed rooms<\/h2>\n<p>Spacious and full of daylight four-bed rooms with soft furniture, mini-kitchen (electric stove, refrigerator, teapot, dishes, utensils), wireless internet, TV, private toilet, shower, safe and balcony are located on the second floor of villa. Rooms with all the amenities are ideal for family or friends stays.<\/p>\n<p>One child under 7 years old\u00a0can be accommodated for free if he does not use an additional bed.<\/p>\n<p>Rooms can be equipped with a bed for an additional sleeper. An additional bed for one person costs\u00a0\u00a0\u20ac 15 \/ night for younger than 18 years and\u00a0\u20ac20 \/ night for adults.<\/p>\n<p style=\"text-align: justify;\"><a href=\"\/wp-content\/uploads\/2014\/06\/2floor.jpg\"><img loading=\"lazy\" decoding=\"async\" class=\"alignnone wp-image-574 size-full\" src=\"https:\/\/vilaula.lt\/wp-content\/uploads\/2014\/06\/2floor.jpg\" alt=\"kaimo turizmo sodyba\" width=\"700\" height=\"630\" srcset=\"https:\/\/vilaula.lt\/wp-content\/uploads\/2014\/06\/2floor.jpg 700w, https:\/\/vilaula.lt\/wp-content\/uploads\/2014\/06\/2floor-250x225.jpg 250w, https:\/\/vilaula.lt\/wp-content\/uploads\/2014\/06\/2floor-120x108.jpg 120w\" sizes=\"(max-width: 700px) 100vw, 700px\" \/><\/a><\/p>\n<h4>More Villa Ula photos can be found on our Facebook account:<\/h4>\n<p><a href=\"https:\/\/www.facebook.com\/VilaUla\/\" target=\"_blank\" rel=\"noopener noreferrer\"><img loading=\"lazy\" decoding=\"async\" class=\"alignnone wp-image-58\" src=\"\/wp-content\/uploads\/2014\/06\/facebook.png\" alt=\"facebook\" width=\"35\" height=\"35\" \/><\/a><\/p>\n<p style=\"text-align: justify;\"><strong>We look forward to your arrival!<\/strong><\/p>\n<p style=\"font-weight: bold; padding-top: 20px;\">Virtual tour &#8211; Double room with lake view<\/p>\n<div class=\"vtour_loader\" style=\"top:69%;\"><\/div>\n<p><iframe loading=\"lazy\" class=\"vtour_iframe\" src=\"https:\/\/app.lapentor.com\/sphere\/vila-ula?scene=5d8381d7ffd0e1121ea5c30a\" width=\"100%\" height=\"700px\" scrolling=\"no\" allowfullscreen=\"true\" webkitallowfullscreen=\"true\" mozallowfullscreen=\"true\" oallowfullscreen=\"true\" msallowfullscreen=\"true\"><\/iframe><\/p>\n<p style=\"font-weight: bold; padding-top: 20px;\">Virtual tour &#8211; Double room with forest view<\/p>\n<div class=\"vtour_loader\" style=\"top:89%;\"><\/div>\n<p><iframe loading=\"lazy\" class=\"vtour_iframe\" src=\"https:\/\/app.lapentor.com\/sphere\/vila-ula?scene=5d838246ffd0e1e97ba5bef0\" width=\"100%\" height=\"700px\" scrolling=\"no\" allowfullscreen=\"true\" webkitallowfullscreen=\"true\" mozallowfullscreen=\"true\" oallowfullscreen=\"true\" msallowfullscreen=\"true\"><\/iframe><\/p>","protected":false},"excerpt":{"rendered":"Double rooms Cosy double rooms located on the first floor are perfect for individual leisure or romance-seeking couples to spice up everyday life. All rooms offer wireless internet access, TV, private toilet, shower, balcony and are equipped with mini-kitchen (electric stove, fridge, kettle, dishes, cutlery). Important items can be held in a\u00a0safe. One child under&#8230; <a class=\"view-article\" href=\"https:\/\/vilaula.lt\/en\/kambariai-kaimo-turizmo-sodyba\/\">View Article<\/a>","protected":false},"author":4,"featured_media":0,"parent":0,"menu_order":0,"comment_status":"closed","ping_status":"closed","template":"","meta":{"_acf_changed":false,"footnotes":""},"class_list":["post-7","page","type-page","status-publish","hentry"],"acf":[],"yoast_head":"<!-- This site is optimized with the Yoast SEO plugin v23.3 - https:\/\/yoast.com\/wordpress\/plugins\/seo\/ -->\n<title>Kaimo turizmo sodyba, poilsis prie e\u017eero<\/title>\n<meta name=\"description\" content=\"Kaimo turizmo sodyba ir poilsis prie e\u017eero puikios gamtos apsuptyje. Aktyviam poilsiui si\u016blome galyb\u0119 pramog\u0173 tinkan\u010di\u0173 ir jaunam ir senam. Aplankykite mus.\" \/>\n<meta name=\"robots\" content=\"index, follow, max-snippet:-1, max-image-preview:large, max-video-preview:-1\" \/>\n<link rel=\"canonical\" href=\"https:\/\/vilaula.lt\/en\/kambariai-kaimo-turizmo-sodyba\/\" \/>\n<meta property=\"og:locale\" content=\"en_US\" \/>\n<meta property=\"og:type\" content=\"article\" \/>\n<meta property=\"og:title\" content=\"Kaimo turizmo sodyba, poilsis prie e\u017eero\" \/>\n<meta property=\"og:description\" content=\"Kaimo turizmo sodyba ir poilsis prie e\u017eero puikios gamtos apsuptyje. Aktyviam poilsiui si\u016blome galyb\u0119 pramog\u0173 tinkan\u010di\u0173 ir jaunam ir senam. Aplankykite mus.\" \/>\n<meta property=\"og:url\" content=\"https:\/\/vilaula.lt\/en\/kambariai-kaimo-turizmo-sodyba\/\" \/>\n<meta property=\"og:site_name\" content=\"VilaUla.lt\" \/>\n<meta property=\"article:publisher\" content=\"https:\/\/www.facebook.com\/VilaUla\" \/>\n<meta property=\"article:modified_time\" content=\"2024-02-01T11:59:12+00:00\" \/>\n<meta property=\"og:image\" content=\"https:\/\/vilaula.lt\/wp-content\/uploads\/2014\/06\/2floor.jpg\" \/>\n<meta name=\"twitter:label1\" content=\"Est. reading time\" \/>\n\t<meta name=\"twitter:data1\" content=\"9 minutes\" \/>\n<script type=\"application\/ld+json\" class=\"yoast-schema-graph\">{\"@context\":\"https:\/\/schema.org\",\"@graph\":[{\"@type\":\"WebPage\",\"@id\":\"https:\/\/vilaula.lt\/en\/kambariai-kaimo-turizmo-sodyba\/\",\"url\":\"https:\/\/vilaula.lt\/en\/kambariai-kaimo-turizmo-sodyba\/\",\"name\":\"Kaimo turizmo sodyba, poilsis prie e\u017eero\",\"isPartOf\":{\"@id\":\"https:\/\/vilaula.lt\/en\/#website\"},\"primaryImageOfPage\":{\"@id\":\"https:\/\/vilaula.lt\/en\/kambariai-kaimo-turizmo-sodyba\/#primaryimage\"},\"image\":{\"@id\":\"https:\/\/vilaula.lt\/kambariai-kaimo-turizmo-sodyba\/#primaryimage\"},\"thumbnailUrl\":\"https:\/\/vilaula.lt\/wp-content\/uploads\/2014\/06\/2floor.jpg\",\"datePublished\":\"2014-06-04T15:53:44+00:00\",\"dateModified\":\"2024-02-01T11:59:12+00:00\",\"description\":\"Kaimo turizmo sodyba ir poilsis prie e\u017eero puikios gamtos apsuptyje. Aktyviam poilsiui si\u016blome galyb\u0119 pramog\u0173 tinkan\u010di\u0173 ir jaunam ir senam. Aplankykite mus.\",\"breadcrumb\":{\"@id\":\"https:\/\/vilaula.lt\/en\/kambariai-kaimo-turizmo-sodyba\/#breadcrumb\"},\"inLanguage\":\"en-US\",\"potentialAction\":[{\"@type\":\"ReadAction\",\"target\":[[\"https:\/\/vilaula.lt\/en\/kambariai-kaimo-turizmo-sodyba\/\"]]}]},{\"@type\":\"ImageObject\",\"inLanguage\":\"en-US\",\"@id\":\"https:\/\/vilaula.lt\/en\/kambariai-kaimo-turizmo-sodyba\/#primaryimage\",\"url\":\"https:\/\/vilaula.lt\/wp-content\/uploads\/2014\/06\/2floor.jpg\",\"contentUrl\":\"https:\/\/vilaula.lt\/wp-content\/uploads\/2014\/06\/2floor.jpg\"},{\"@type\":\"BreadcrumbList\",\"@id\":\"https:\/\/vilaula.lt\/en\/kambariai-kaimo-turizmo-sodyba\/#breadcrumb\",\"itemListElement\":[{\"@type\":\"ListItem\",\"position\":1,\"name\":\"Home\",\"item\":\"https:\/\/vilaula.lt\/en\/\"},{\"@type\":\"ListItem\",\"position\":2,\"name\":\"Kambariai\"}]},{\"@type\":\"WebSite\",\"@id\":\"https:\/\/vilaula.lt\/en\/#website\",\"url\":\"https:\/\/vilaula.lt\/en\/\",\"name\":\"VilaUla.lt\",\"description\":\"Lakeside stay in the countryside\",\"potentialAction\":[{\"@type\":\"SearchAction\",\"target\":{\"@type\":\"EntryPoint\",\"urlTemplate\":\"https:\/\/vilaula.lt\/en\/?s={search_term_string}\"},\"query-input\":\"required name=search_term_string\"}],\"inLanguage\":\"en-US\"}]}<\/script>\n<!-- \/ Yoast SEO plugin. -->","yoast_head_json":{"title":"Kaimo turizmo sodyba, poilsis prie e\u017eero","description":"Kaimo turizmo sodyba ir poilsis prie e\u017eero puikios gamtos apsuptyje. Aktyviam poilsiui si\u016blome galyb\u0119 pramog\u0173 tinkan\u010di\u0173 ir jaunam ir senam. Aplankykite mus.","robots":{"index":"index","follow":"follow","max-snippet":"max-snippet:-1","max-image-preview":"max-image-preview:large","max-video-preview":"max-video-preview:-1"},"canonical":"https:\/\/vilaula.lt\/en\/kambariai-kaimo-turizmo-sodyba\/","og_locale":"en_US","og_type":"article","og_title":"Kaimo turizmo sodyba, poilsis prie e\u017eero","og_description":"Kaimo turizmo sodyba ir poilsis prie e\u017eero puikios gamtos apsuptyje. Aktyviam poilsiui si\u016blome galyb\u0119 pramog\u0173 tinkan\u010di\u0173 ir jaunam ir senam. Aplankykite mus.","og_url":"https:\/\/vilaula.lt\/en\/kambariai-kaimo-turizmo-sodyba\/","og_site_name":"VilaUla.lt","article_publisher":"https:\/\/www.facebook.com\/VilaUla","article_modified_time":"2024-02-01T11:59:12+00:00","og_image":[{"url":"https:\/\/vilaula.lt\/wp-content\/uploads\/2014\/06\/2floor.jpg"}],"twitter_misc":{"Est. reading time":"9 minutes"},"schema":{"@context":"https:\/\/schema.org","@graph":[{"@type":"WebPage","@id":"https:\/\/vilaula.lt\/en\/kambariai-kaimo-turizmo-sodyba\/","url":"https:\/\/vilaula.lt\/en\/kambariai-kaimo-turizmo-sodyba\/","name":"Kaimo turizmo sodyba, poilsis prie e\u017eero","isPartOf":{"@id":"https:\/\/vilaula.lt\/en\/#website"},"primaryImageOfPage":{"@id":"https:\/\/vilaula.lt\/en\/kambariai-kaimo-turizmo-sodyba\/#primaryimage"},"image":{"@id":"https:\/\/vilaula.lt\/kambariai-kaimo-turizmo-sodyba\/#primaryimage"},"thumbnailUrl":"https:\/\/vilaula.lt\/wp-content\/uploads\/2014\/06\/2floor.jpg","datePublished":"2014-06-04T15:53:44+00:00","dateModified":"2024-02-01T11:59:12+00:00","description":"Kaimo turizmo sodyba ir poilsis prie e\u017eero puikios gamtos apsuptyje. Aktyviam poilsiui si\u016blome galyb\u0119 pramog\u0173 tinkan\u010di\u0173 ir jaunam ir senam. Aplankykite mus.","breadcrumb":{"@id":"https:\/\/vilaula.lt\/en\/kambariai-kaimo-turizmo-sodyba\/#breadcrumb"},"inLanguage":"en-US","potentialAction":[{"@type":"ReadAction","target":[["https:\/\/vilaula.lt\/en\/kambariai-kaimo-turizmo-sodyba\/"]]}]},{"@type":"ImageObject","inLanguage":"en-US","@id":"https:\/\/vilaula.lt\/en\/kambariai-kaimo-turizmo-sodyba\/#primaryimage","url":"https:\/\/vilaula.lt\/wp-content\/uploads\/2014\/06\/2floor.jpg","contentUrl":"https:\/\/vilaula.lt\/wp-content\/uploads\/2014\/06\/2floor.jpg"},{"@type":"BreadcrumbList","@id":"https:\/\/vilaula.lt\/en\/kambariai-kaimo-turizmo-sodyba\/#breadcrumb","itemListElement":[{"@type":"ListItem","position":1,"name":"Home","item":"https:\/\/vilaula.lt\/en\/"},{"@type":"ListItem","position":2,"name":"Kambariai"}]},{"@type":"WebSite","@id":"https:\/\/vilaula.lt\/en\/#website","url":"https:\/\/vilaula.lt\/en\/","name":"VilaUla.lt","description":"Lakeside stay in the countryside","potentialAction":[{"@type":"SearchAction","target":{"@type":"EntryPoint","urlTemplate":"https:\/\/vilaula.lt\/en\/?s={search_term_string}"},"query-input":"required name=search_term_string"}],"inLanguage":"en-US"}]}},"_links":{"self":[{"href":"https:\/\/vilaula.lt\/en\/wp-json\/wp\/v2\/pages\/7"}],"collection":[{"href":"https:\/\/vilaula.lt\/en\/wp-json\/wp\/v2\/pages"}],"about":[{"href":"https:\/\/vilaula.lt\/en\/wp-json\/wp\/v2\/types\/page"}],"author":[{"embeddable":true,"href":"https:\/\/vilaula.lt\/en\/wp-json\/wp\/v2\/users\/4"}],"replies":[{"embeddable":true,"href":"https:\/\/vilaula.lt\/en\/wp-json\/wp\/v2\/comments?post=7"}],"version-history":[{"count":130,"href":"https:\/\/vilaula.lt\/en\/wp-json\/wp\/v2\/pages\/7\/revisions"}],"predecessor-version":[{"id":5047,"href":"https:\/\/vilaula.lt\/en\/wp-json\/wp\/v2\/pages\/7\/revisions\/5047"}],"wp:attachment":[{"href":"https:\/\/vilaula.lt\/en\/wp-json\/wp\/v2\/media?parent=7"}],"curies":[{"name":"wp","href":"https:\/\/api.w.org\/{rel}","templated":true}]}}