{"id":675,"date":"2015-02-03T12:24:38","date_gmt":"2015-02-03T12:24:38","guid":{"rendered":"https:\/\/vilaula.lt\/?page_id=675"},"modified":"2015-10-09T06:04:38","modified_gmt":"2015-10-09T06:04:38","slug":"imones-svente","status":"publish","type":"page","link":"https:\/\/vilaula.lt\/en\/pramogos\/imones-svente\/","title":{"rendered":"Company celebration"},"content":{"rendered":"<p class=\"qtranxs-available-languages-message qtranxs-available-languages-message-en\">Sorry, this entry is only available in <a href=\"https:\/\/vilaula.lt\/lt\/wp-json\/wp\/v2\/pages\/675\" class=\"qtranxs-available-language-link qtranxs-available-language-link-lt\" title=\"Lietuvi\u0173\">Lietuvi\u0173<\/a>.<\/p>","protected":false},"excerpt":{"rendered":"Sorry, this entry is only available in Lietuvi\u0173.","protected":false},"author":4,"featured_media":0,"parent":15,"menu_order":0,"comment_status":"closed","ping_status":"closed","template":"","meta":{"_acf_changed":false,"footnotes":""},"class_list":["post-675","page","type-page","status-publish","hentry"],"acf":[],"yoast_head":"<!-- This site is optimized with the Yoast SEO plugin v23.3 - https:\/\/yoast.com\/wordpress\/plugins\/seo\/ -->\n<title>\u012emon\u0117s \u0161vent\u0117, seminaras, mokymai prie e\u017eero gamtoje<\/title>\n<meta name=\"description\" content=\"Didesnei kompanijai si\u016blome i\u0161sinuomoti vis\u0105 vil\u0105 su konferencij\u0173 sale,pirtimis, kubilais, dvira\u010diais, motorine valtimi ir gard\u017eiausiu maistu\" \/>\n<meta name=\"robots\" content=\"index, follow, max-snippet:-1, max-image-preview:large, max-video-preview:-1\" \/>\n<link rel=\"canonical\" href=\"https:\/\/vilaula.lt\/en\/pramogos\/imones-svente\/\" \/>\n<meta property=\"og:locale\" content=\"en_US\" \/>\n<meta property=\"og:type\" content=\"article\" \/>\n<meta property=\"og:title\" content=\"\u012emon\u0117s \u0161vent\u0117, seminaras, mokymai prie e\u017eero gamtoje\" \/>\n<meta property=\"og:description\" content=\"Didesnei kompanijai si\u016blome i\u0161sinuomoti vis\u0105 vil\u0105 su konferencij\u0173 sale,pirtimis, kubilais, dvira\u010diais, motorine valtimi ir gard\u017eiausiu maistu\" \/>\n<meta property=\"og:url\" content=\"https:\/\/vilaula.lt\/en\/pramogos\/imones-svente\/\" \/>\n<meta property=\"og:site_name\" content=\"VilaUla.lt\" \/>\n<meta property=\"article:publisher\" content=\"https:\/\/www.facebook.com\/VilaUla\" \/>\n<meta property=\"article:modified_time\" content=\"2015-10-09T06:04:38+00:00\" \/>\n<meta name=\"twitter:label1\" content=\"Est. reading time\" \/>\n\t<meta name=\"twitter:data1\" content=\"5 minutes\" \/>\n<script type=\"application\/ld+json\" class=\"yoast-schema-graph\">{\"@context\":\"https:\/\/schema.org\",\"@graph\":[{\"@type\":\"WebPage\",\"@id\":\"https:\/\/vilaula.lt\/en\/pramogos\/imones-svente\/\",\"url\":\"https:\/\/vilaula.lt\/en\/pramogos\/imones-svente\/\",\"name\":\"\u012emon\u0117s \u0161vent\u0117, seminaras, mokymai prie e\u017eero gamtoje\",\"isPartOf\":{\"@id\":\"https:\/\/vilaula.lt\/en\/#website\"},\"datePublished\":\"2015-02-03T12:24:38+00:00\",\"dateModified\":\"2015-10-09T06:04:38+00:00\",\"description\":\"Didesnei kompanijai si\u016blome i\u0161sinuomoti vis\u0105 vil\u0105 su konferencij\u0173 sale,pirtimis, kubilais, dvira\u010diais, motorine valtimi ir gard\u017eiausiu maistu\",\"breadcrumb\":{\"@id\":\"https:\/\/vilaula.lt\/en\/pramogos\/imones-svente\/#breadcrumb\"},\"inLanguage\":\"en-US\",\"potentialAction\":[{\"@type\":\"ReadAction\",\"target\":[[\"https:\/\/vilaula.lt\/en\/pramogos\/imones-svente\/\"]]}]},{\"@type\":\"BreadcrumbList\",\"@id\":\"https:\/\/vilaula.lt\/en\/pramogos\/imones-svente\/#breadcrumb\",\"itemListElement\":[{\"@type\":\"ListItem\",\"position\":1,\"name\":\"Home\",\"item\":\"https:\/\/vilaula.lt\/en\/\"},{\"@type\":\"ListItem\",\"position\":2,\"name\":\"Pramogos\",\"item\":\"https:\/\/vilaula.lt\/en\/pramogos\/\"},{\"@type\":\"ListItem\",\"position\":3,\"name\":\"\u012emon\u0117s \u0161vent\u0117\"}]},{\"@type\":\"WebSite\",\"@id\":\"https:\/\/vilaula.lt\/en\/#website\",\"url\":\"https:\/\/vilaula.lt\/en\/\",\"name\":\"VilaUla.lt\",\"description\":\"Lakeside stay in the countryside\",\"potentialAction\":[{\"@type\":\"SearchAction\",\"target\":{\"@type\":\"EntryPoint\",\"urlTemplate\":\"https:\/\/vilaula.lt\/en\/?s={search_term_string}\"},\"query-input\":\"required name=search_term_string\"}],\"inLanguage\":\"en-US\"}]}<\/script>\n<!-- \/ Yoast SEO plugin. -->","yoast_head_json":{"title":"\u012emon\u0117s \u0161vent\u0117, seminaras, mokymai prie e\u017eero gamtoje","description":"Didesnei kompanijai si\u016blome i\u0161sinuomoti vis\u0105 vil\u0105 su konferencij\u0173 sale,pirtimis, kubilais, dvira\u010diais, motorine valtimi ir gard\u017eiausiu maistu","robots":{"index":"index","follow":"follow","max-snippet":"max-snippet:-1","max-image-preview":"max-image-preview:large","max-video-preview":"max-video-preview:-1"},"canonical":"https:\/\/vilaula.lt\/en\/pramogos\/imones-svente\/","og_locale":"en_US","og_type":"article","og_title":"\u012emon\u0117s \u0161vent\u0117, seminaras, mokymai prie e\u017eero gamtoje","og_description":"Didesnei kompanijai si\u016blome i\u0161sinuomoti vis\u0105 vil\u0105 su konferencij\u0173 sale,pirtimis, kubilais, dvira\u010diais, motorine valtimi ir gard\u017eiausiu maistu","og_url":"https:\/\/vilaula.lt\/en\/pramogos\/imones-svente\/","og_site_name":"VilaUla.lt","article_publisher":"https:\/\/www.facebook.com\/VilaUla","article_modified_time":"2015-10-09T06:04:38+00:00","twitter_misc":{"Est. reading time":"5 minutes"},"schema":{"@context":"https:\/\/schema.org","@graph":[{"@type":"WebPage","@id":"https:\/\/vilaula.lt\/en\/pramogos\/imones-svente\/","url":"https:\/\/vilaula.lt\/en\/pramogos\/imones-svente\/","name":"\u012emon\u0117s \u0161vent\u0117, seminaras, mokymai prie e\u017eero gamtoje","isPartOf":{"@id":"https:\/\/vilaula.lt\/en\/#website"},"datePublished":"2015-02-03T12:24:38+00:00","dateModified":"2015-10-09T06:04:38+00:00","description":"Didesnei kompanijai si\u016blome i\u0161sinuomoti vis\u0105 vil\u0105 su konferencij\u0173 sale,pirtimis, kubilais, dvira\u010diais, motorine valtimi ir gard\u017eiausiu maistu","breadcrumb":{"@id":"https:\/\/vilaula.lt\/en\/pramogos\/imones-svente\/#breadcrumb"},"inLanguage":"en-US","potentialAction":[{"@type":"ReadAction","target":[["https:\/\/vilaula.lt\/en\/pramogos\/imones-svente\/"]]}]},{"@type":"BreadcrumbList","@id":"https:\/\/vilaula.lt\/en\/pramogos\/imones-svente\/#breadcrumb","itemListElement":[{"@type":"ListItem","position":1,"name":"Home","item":"https:\/\/vilaula.lt\/en\/"},{"@type":"ListItem","position":2,"name":"Pramogos","item":"https:\/\/vilaula.lt\/en\/pramogos\/"},{"@type":"ListItem","position":3,"name":"\u012emon\u0117s \u0161vent\u0117"}]},{"@type":"WebSite","@id":"https:\/\/vilaula.lt\/en\/#website","url":"https:\/\/vilaula.lt\/en\/","name":"VilaUla.lt","description":"Lakeside stay in the countryside","potentialAction":[{"@type":"SearchAction","target":{"@type":"EntryPoint","urlTemplate":"https:\/\/vilaula.lt\/en\/?s={search_term_string}"},"query-input":"required name=search_term_string"}],"inLanguage":"en-US"}]}},"_links":{"self":[{"href":"https:\/\/vilaula.lt\/en\/wp-json\/wp\/v2\/pages\/675"}],"collection":[{"href":"https:\/\/vilaula.lt\/en\/wp-json\/wp\/v2\/pages"}],"about":[{"href":"https:\/\/vilaula.lt\/en\/wp-json\/wp\/v2\/types\/page"}],"author":[{"embeddable":true,"href":"https:\/\/vilaula.lt\/en\/wp-json\/wp\/v2\/users\/4"}],"replies":[{"embeddable":true,"href":"https:\/\/vilaula.lt\/en\/wp-json\/wp\/v2\/comments?post=675"}],"version-history":[{"count":5,"href":"https:\/\/vilaula.lt\/en\/wp-json\/wp\/v2\/pages\/675\/revisions"}],"predecessor-version":[{"id":1293,"href":"https:\/\/vilaula.lt\/en\/wp-json\/wp\/v2\/pages\/675\/revisions\/1293"}],"up":[{"embeddable":true,"href":"https:\/\/vilaula.lt\/en\/wp-json\/wp\/v2\/pages\/15"}],"wp:attachment":[{"href":"https:\/\/vilaula.lt\/en\/wp-json\/wp\/v2\/media?parent=675"}],"curies":[{"name":"wp","href":"https:\/\/api.w.org\/{rel}","templated":true}]}}