{"id":2,"date":"2014-06-04T15:50:00","date_gmt":"2014-06-04T15:50:00","guid":{"rendered":"http:\/\/localhost\/ula\/?page_id=2"},"modified":"2023-01-31T10:37:00","modified_gmt":"2023-01-31T07:37:00","slug":"apie-mus-kaimo-turizmas-prie-ezero","status":"publish","type":"page","link":"https:\/\/vilaula.lt\/en\/apie-mus-kaimo-turizmas-prie-ezero\/","title":{"rendered":"About us"},"content":{"rendered":"<p>Are you looking for non-traditional recreation? Do you enjoy an active free time with your family or friends in the unique beauty of nature? Then this is the place for you! <strong>3*\u00a0Hotel\u00a0by the lake!<\/strong> <a href=\"https:\/\/vilaula.lt\/wp-content\/uploads\/2016\/04\/001-8-3.jpg\" target=\"_blank\" rel=\"noopener noreferrer\"><img loading=\"lazy\" decoding=\"async\" class=\"aligncenter wp-image-1738\" src=\"\/wp-content\/uploads\/2016\/04\/001-8-3-700x997.jpg\" alt=\"vila ula viesbutis\" width=\"504\" height=\"718\" srcset=\"https:\/\/vilaula.lt\/wp-content\/uploads\/2016\/04\/001-8-3-700x997.jpg 700w, https:\/\/vilaula.lt\/wp-content\/uploads\/2016\/04\/001-8-3-250x356.jpg 250w, https:\/\/vilaula.lt\/wp-content\/uploads\/2016\/04\/001-8-3-120x170.jpg 120w, https:\/\/vilaula.lt\/wp-content\/uploads\/2016\/04\/001-8-3.jpg 1797w\" sizes=\"(max-width: 504px) 100vw, 504px\" \/><\/a> Our rural tourism during the warm season will help you to discover Dz\u016bkija and enjoy the unique nature by riding bicycles, a scooter or horses. You can also go canoeing in Merkys or Ula. In addition, Villa Ula has the biggest screen in the whole Dzukija to watch various sports events. You can also enjoy\u00a0fishing, playing volleyball, basketball , table tennis, billiards, petanque and other games. In autumn, you are invited to join\u00a0mushroom festival. In winter, do not forget to celebrate Christmas, corporate parties or your anniversary. Do not miss the chance to feel\u00a0the pleasure of the\u00a0sauna with its\u00a0attendant services and\u00a0swim in the Ice-hole! Or maybe you can not escape from the office, although\u00a0your brain loves the fresh air. In Villa Ula you can combine work and relaxation. Simply move the office to the Villa Ula resort and you will create non-traditional\u00a0working conditions.<\/p>\r\n<h2><img loading=\"lazy\" decoding=\"async\" class=\"alignleft wp-image-2067 size-large\" src=\"\/wp-content\/uploads\/2014\/06\/Pirmas-\u012fra\u0161as-700x405.jpg\" alt=\"Pirmas \u012fra\u0161as\" width=\"700\" height=\"405\" \/><\/h2>\r\n<h2>\u00a0<\/h2>\r\n<h2>\u00a0<\/h2>\r\n<h2>\u00a0<\/h2>\r\n<h2>\u00a0<\/h2>\r\n<h2>\u00a0<\/h2>\r\n<h2>\u00a0<\/h2>\r\n<h2>\u00a0<\/h2>\r\n<h2>\u00a0<\/h2>\r\n<h2>\u00a0<\/h2>\r\n<h2>\u00a0<\/h2>\r\n<h2>\u00a0<\/h2>\r\n<h2>\u00a0<\/h2>\r\n<h2><em>Vacation near\u00a0the lake<\/em><\/h2>\r\n<p><em><strong>3* Hotel\u00a0Villa Ula<\/strong><\/em>\u00a0is a natural oasis created a decade ago that is located in the heart of the Dz\u016bkija region. Resort is on the shore of\u00a0Burokaraistis lake and offers an opportunity to combine fun activities with the soul refreshing recreation. Our guests are accommodated in spacious buildings combined from modern interior and green Dz\u016bkija nature and designed to ensure the maximum comfort. Through the windows of\u00a0\u00a0Villas rooms gorgeous\u00a0landscape is\u00a0seen. A safe parking lot and two summerhouses where you can rest after a long trip are located next to the Villa. Those who want peace can spend their time with family and friends on the shore of nearly 3 kilometers lenght, L-shaped emerald-colored lake. You will have the opportunity to go fishing, lie on the lounger enjoying the sun baths and read a favorite book. Rural tourism near the lake will leave you indelible memories and a desire to come back. <strong>From hiking\u00a0to basketball tournaments<\/strong> Those who like active leisure time can try boating, canoeing, participate and organize basketball tournaments, play billiards or table tennis. Villa Ula is surrounded by miraculous forests. They are known for Dz\u016bkija berries, mushrooms and other forest products. (<a href=\"https:\/\/vilaula.lt\/wp-content\/uploads\/2014\/06\/Vila-\u016ala-EN.pdf\" target=\"_blank\" rel=\"noopener noreferrer\">Villa Ula entertainment for guests<\/a>) We have some great news for cycling fans.Villa Ula opened the\u00a0first bicycle rental in Dz\u016bkija and marked tracks from Dz\u016bkija National Park to the resort Villa Ula. Vacationers can use bicycles for free. <strong>Rest all the year round<\/strong> Guests are invited to visit Villa Ula during the cold season too. A\u00a0comfortable and warm resort will welcome them and offer winter activities like ice fishing, ice hockey, cross-country ski trails and excellent saunas with hot tubs.<\/p>","protected":false},"excerpt":{"rendered":"Are you looking for non-traditional recreation? Do you enjoy an active free time with your family or friends in the unique beauty of nature? Then this is the place for you! 3*\u00a0Hotel\u00a0by the lake! Our rural tourism during the warm season will help you to discover Dz\u016bkija and enjoy the unique nature by riding bicycles,&#8230; <a class=\"view-article\" href=\"https:\/\/vilaula.lt\/en\/apie-mus-kaimo-turizmas-prie-ezero\/\">View Article<\/a>","protected":false},"author":4,"featured_media":0,"parent":0,"menu_order":0,"comment_status":"closed","ping_status":"closed","template":"","meta":{"_acf_changed":false,"footnotes":""},"class_list":["post-2","page","type-page","status-publish","hentry"],"acf":[],"yoast_head":"<!-- This site is optimized with the Yoast SEO plugin v23.3 - https:\/\/yoast.com\/wordpress\/plugins\/seo\/ -->\n<title>Kaimo turizmas prie e\u017eero, kaimo turizmas<\/title>\n<meta name=\"description\" content=\"Kaimo turizmas prie e\u017eero, aplinkui supantys pu\u0161ynai, patog\u016bs ir gerai \u012frengti kambariai ir apartamentai bei visos sporto ir laisvalaikio pramogos nemokamai\" \/>\n<meta name=\"robots\" content=\"index, follow, max-snippet:-1, max-image-preview:large, max-video-preview:-1\" \/>\n<link rel=\"canonical\" href=\"https:\/\/vilaula.lt\/en\/apie-mus-kaimo-turizmas-prie-ezero\/\" \/>\n<meta property=\"og:locale\" content=\"en_US\" \/>\n<meta property=\"og:type\" content=\"article\" \/>\n<meta property=\"og:title\" content=\"Kaimo turizmas prie e\u017eero, kaimo turizmas\" \/>\n<meta property=\"og:description\" content=\"Kaimo turizmas prie e\u017eero, aplinkui supantys pu\u0161ynai, patog\u016bs ir gerai \u012frengti kambariai ir apartamentai bei visos sporto ir laisvalaikio pramogos nemokamai\" \/>\n<meta property=\"og:url\" content=\"https:\/\/vilaula.lt\/en\/apie-mus-kaimo-turizmas-prie-ezero\/\" \/>\n<meta property=\"og:site_name\" content=\"VilaUla.lt\" \/>\n<meta property=\"article:publisher\" content=\"https:\/\/www.facebook.com\/VilaUla\" \/>\n<meta property=\"article:modified_time\" content=\"2023-01-31T07:37:00+00:00\" \/>\n<meta property=\"og:image\" content=\"https:\/\/vilaula.lt\/wp-content\/uploads\/2020\/08\/107197080_687460758651721_9025723422214742200_n1-250x250.jpg\" \/>\n<meta name=\"twitter:label1\" content=\"Est. reading time\" \/>\n\t<meta name=\"twitter:data1\" content=\"4 minutes\" \/>\n<script type=\"application\/ld+json\" class=\"yoast-schema-graph\">{\"@context\":\"https:\/\/schema.org\",\"@graph\":[{\"@type\":\"WebPage\",\"@id\":\"https:\/\/vilaula.lt\/en\/apie-mus-kaimo-turizmas-prie-ezero\/\",\"url\":\"https:\/\/vilaula.lt\/en\/apie-mus-kaimo-turizmas-prie-ezero\/\",\"name\":\"Kaimo turizmas prie e\u017eero, kaimo turizmas\",\"isPartOf\":{\"@id\":\"https:\/\/vilaula.lt\/en\/#website\"},\"primaryImageOfPage\":{\"@id\":\"https:\/\/vilaula.lt\/en\/apie-mus-kaimo-turizmas-prie-ezero\/#primaryimage\"},\"image\":{\"@id\":\"https:\/\/vilaula.lt\/apie-mus-kaimo-turizmas-prie-ezero\/#primaryimage\"},\"thumbnailUrl\":\"https:\/\/vilaula.lt\/wp-content\/uploads\/2020\/08\/107197080_687460758651721_9025723422214742200_n1-250x250.jpg\",\"datePublished\":\"2014-06-04T15:50:00+00:00\",\"dateModified\":\"2023-01-31T07:37:00+00:00\",\"description\":\"Kaimo turizmas prie e\u017eero, aplinkui supantys pu\u0161ynai, patog\u016bs ir gerai \u012frengti kambariai ir apartamentai bei visos sporto ir laisvalaikio pramogos nemokamai\",\"breadcrumb\":{\"@id\":\"https:\/\/vilaula.lt\/en\/apie-mus-kaimo-turizmas-prie-ezero\/#breadcrumb\"},\"inLanguage\":\"en-US\",\"potentialAction\":[{\"@type\":\"ReadAction\",\"target\":[[\"https:\/\/vilaula.lt\/en\/apie-mus-kaimo-turizmas-prie-ezero\/\"]]}]},{\"@type\":\"ImageObject\",\"inLanguage\":\"en-US\",\"@id\":\"https:\/\/vilaula.lt\/en\/apie-mus-kaimo-turizmas-prie-ezero\/#primaryimage\",\"url\":\"https:\/\/vilaula.lt\/wp-content\/uploads\/2020\/08\/107197080_687460758651721_9025723422214742200_n1-250x250.jpg\",\"contentUrl\":\"https:\/\/vilaula.lt\/wp-content\/uploads\/2020\/08\/107197080_687460758651721_9025723422214742200_n1-250x250.jpg\"},{\"@type\":\"BreadcrumbList\",\"@id\":\"https:\/\/vilaula.lt\/en\/apie-mus-kaimo-turizmas-prie-ezero\/#breadcrumb\",\"itemListElement\":[{\"@type\":\"ListItem\",\"position\":1,\"name\":\"Home\",\"item\":\"https:\/\/vilaula.lt\/en\/\"},{\"@type\":\"ListItem\",\"position\":2,\"name\":\"Apie mus\"}]},{\"@type\":\"WebSite\",\"@id\":\"https:\/\/vilaula.lt\/en\/#website\",\"url\":\"https:\/\/vilaula.lt\/en\/\",\"name\":\"VilaUla.lt\",\"description\":\"Lakeside stay in the countryside\",\"potentialAction\":[{\"@type\":\"SearchAction\",\"target\":{\"@type\":\"EntryPoint\",\"urlTemplate\":\"https:\/\/vilaula.lt\/en\/?s={search_term_string}\"},\"query-input\":\"required name=search_term_string\"}],\"inLanguage\":\"en-US\"}]}<\/script>\n<!-- \/ Yoast SEO plugin. -->","yoast_head_json":{"title":"Kaimo turizmas prie e\u017eero, kaimo turizmas","description":"Kaimo turizmas prie e\u017eero, aplinkui supantys pu\u0161ynai, patog\u016bs ir gerai \u012frengti kambariai ir apartamentai bei visos sporto ir laisvalaikio pramogos nemokamai","robots":{"index":"index","follow":"follow","max-snippet":"max-snippet:-1","max-image-preview":"max-image-preview:large","max-video-preview":"max-video-preview:-1"},"canonical":"https:\/\/vilaula.lt\/en\/apie-mus-kaimo-turizmas-prie-ezero\/","og_locale":"en_US","og_type":"article","og_title":"Kaimo turizmas prie e\u017eero, kaimo turizmas","og_description":"Kaimo turizmas prie e\u017eero, aplinkui supantys pu\u0161ynai, patog\u016bs ir gerai \u012frengti kambariai ir apartamentai bei visos sporto ir laisvalaikio pramogos nemokamai","og_url":"https:\/\/vilaula.lt\/en\/apie-mus-kaimo-turizmas-prie-ezero\/","og_site_name":"VilaUla.lt","article_publisher":"https:\/\/www.facebook.com\/VilaUla","article_modified_time":"2023-01-31T07:37:00+00:00","og_image":[{"url":"https:\/\/vilaula.lt\/wp-content\/uploads\/2020\/08\/107197080_687460758651721_9025723422214742200_n1-250x250.jpg"}],"twitter_misc":{"Est. reading time":"4 minutes"},"schema":{"@context":"https:\/\/schema.org","@graph":[{"@type":"WebPage","@id":"https:\/\/vilaula.lt\/en\/apie-mus-kaimo-turizmas-prie-ezero\/","url":"https:\/\/vilaula.lt\/en\/apie-mus-kaimo-turizmas-prie-ezero\/","name":"Kaimo turizmas prie e\u017eero, kaimo turizmas","isPartOf":{"@id":"https:\/\/vilaula.lt\/en\/#website"},"primaryImageOfPage":{"@id":"https:\/\/vilaula.lt\/en\/apie-mus-kaimo-turizmas-prie-ezero\/#primaryimage"},"image":{"@id":"https:\/\/vilaula.lt\/apie-mus-kaimo-turizmas-prie-ezero\/#primaryimage"},"thumbnailUrl":"https:\/\/vilaula.lt\/wp-content\/uploads\/2020\/08\/107197080_687460758651721_9025723422214742200_n1-250x250.jpg","datePublished":"2014-06-04T15:50:00+00:00","dateModified":"2023-01-31T07:37:00+00:00","description":"Kaimo turizmas prie e\u017eero, aplinkui supantys pu\u0161ynai, patog\u016bs ir gerai \u012frengti kambariai ir apartamentai bei visos sporto ir laisvalaikio pramogos nemokamai","breadcrumb":{"@id":"https:\/\/vilaula.lt\/en\/apie-mus-kaimo-turizmas-prie-ezero\/#breadcrumb"},"inLanguage":"en-US","potentialAction":[{"@type":"ReadAction","target":[["https:\/\/vilaula.lt\/en\/apie-mus-kaimo-turizmas-prie-ezero\/"]]}]},{"@type":"ImageObject","inLanguage":"en-US","@id":"https:\/\/vilaula.lt\/en\/apie-mus-kaimo-turizmas-prie-ezero\/#primaryimage","url":"https:\/\/vilaula.lt\/wp-content\/uploads\/2020\/08\/107197080_687460758651721_9025723422214742200_n1-250x250.jpg","contentUrl":"https:\/\/vilaula.lt\/wp-content\/uploads\/2020\/08\/107197080_687460758651721_9025723422214742200_n1-250x250.jpg"},{"@type":"BreadcrumbList","@id":"https:\/\/vilaula.lt\/en\/apie-mus-kaimo-turizmas-prie-ezero\/#breadcrumb","itemListElement":[{"@type":"ListItem","position":1,"name":"Home","item":"https:\/\/vilaula.lt\/en\/"},{"@type":"ListItem","position":2,"name":"Apie mus"}]},{"@type":"WebSite","@id":"https:\/\/vilaula.lt\/en\/#website","url":"https:\/\/vilaula.lt\/en\/","name":"VilaUla.lt","description":"Lakeside stay in the countryside","potentialAction":[{"@type":"SearchAction","target":{"@type":"EntryPoint","urlTemplate":"https:\/\/vilaula.lt\/en\/?s={search_term_string}"},"query-input":"required name=search_term_string"}],"inLanguage":"en-US"}]}},"_links":{"self":[{"href":"https:\/\/vilaula.lt\/en\/wp-json\/wp\/v2\/pages\/2"}],"collection":[{"href":"https:\/\/vilaula.lt\/en\/wp-json\/wp\/v2\/pages"}],"about":[{"href":"https:\/\/vilaula.lt\/en\/wp-json\/wp\/v2\/types\/page"}],"author":[{"embeddable":true,"href":"https:\/\/vilaula.lt\/en\/wp-json\/wp\/v2\/users\/4"}],"replies":[{"embeddable":true,"href":"https:\/\/vilaula.lt\/en\/wp-json\/wp\/v2\/comments?post=2"}],"version-history":[{"count":84,"href":"https:\/\/vilaula.lt\/en\/wp-json\/wp\/v2\/pages\/2\/revisions"}],"predecessor-version":[{"id":4745,"href":"https:\/\/vilaula.lt\/en\/wp-json\/wp\/v2\/pages\/2\/revisions\/4745"}],"wp:attachment":[{"href":"https:\/\/vilaula.lt\/en\/wp-json\/wp\/v2\/media?parent=2"}],"curies":[{"name":"wp","href":"https:\/\/api.w.org\/{rel}","templated":true}]}}