{"id":13,"date":"2014-06-04T15:54:30","date_gmt":"2014-06-04T15:54:30","guid":{"rendered":"http:\/\/localhost\/ula\/?page_id=13"},"modified":"2022-08-17T15:29:25","modified_gmt":"2022-08-17T12:29:25","slug":"maitinimas","status":"publish","type":"page","link":"https:\/\/vilaula.lt\/en\/maitinimas\/","title":{"rendered":"Food"},"content":{"rendered":"<p><\/p>\n<p style=\"text-align: justify;\">Only the most delicious dishes of Dz\u016bkija are offered to the guests of\u00a0<em><strong>Vila Ula<\/strong><\/em>!<\/p>\n<p style=\"text-align: justify;\">For breakfast we offer fresh omelet, homemade bread and pancakes with meat or curd filling.<br \/>\nFor dinner we offer tasty pizzas, grilled shish kebabs or fish, caught by the guests themselves.<\/p>\n<p style=\"text-align: justify;\">The menu for banquets, conferences and other events is adjusted in accordance with the client&#8217;s wishes.<\/p>\n<p><a href=\"https:\/\/vilaula.lt\/wp-content\/uploads\/2014\/12\/Simtalapis.jpg\"><img loading=\"lazy\" decoding=\"async\" width=\"700\" height=\"464\" class=\"alignnone size-large wp-image-539\" src=\"https:\/\/vilaula.lt\/wp-content\/uploads\/2014\/12\/Simtalapis-700x464.jpg\" alt=\"kaimo turizmo sodyba\" srcset=\"https:\/\/vilaula.lt\/wp-content\/uploads\/2014\/12\/Simtalapis-700x464.jpg 700w, https:\/\/vilaula.lt\/wp-content\/uploads\/2014\/12\/Simtalapis-250x165.jpg 250w, https:\/\/vilaula.lt\/wp-content\/uploads\/2014\/12\/Simtalapis-120x79.jpg 120w\" sizes=\"(max-width: 700px) 100vw, 700px\" \/><\/a><\/p>","protected":false},"excerpt":{"rendered":"Only the most delicious dishes of Dz\u016bkija are offered to the guests of\u00a0Vila Ula! For breakfast we offer fresh omelet, homemade bread and pancakes with meat or curd filling. For dinner we offer tasty pizzas, grilled shish kebabs or fish, caught by the guests themselves. The menu for banquets, conferences and other events is adjusted&#8230; <a class=\"view-article\" href=\"https:\/\/vilaula.lt\/en\/maitinimas\/\">View Article<\/a>","protected":false},"author":4,"featured_media":0,"parent":0,"menu_order":0,"comment_status":"closed","ping_status":"closed","template":"","meta":{"_acf_changed":false,"footnotes":""},"class_list":["post-13","page","type-page","status-publish","hentry"],"acf":[],"yoast_head":"<!-- This site is optimized with the Yoast SEO plugin v23.3 - https:\/\/yoast.com\/wordpress\/plugins\/seo\/ -->\n<title>Kaimo turizmo sodyba, maitinimo paslaugos<\/title>\n<meta name=\"description\" content=\"Kaimo turizmo sodyba ir maitinimo paslaugos yra neatsiejamos viena nuo kitos. Nuomojame vil\u0105 vestuv\u0117ms, gimtadieniams ar \u012fmoni\u0173 \u0161vent\u0117ms. Visi patogumai.\" \/>\n<meta name=\"robots\" content=\"index, follow, max-snippet:-1, max-image-preview:large, max-video-preview:-1\" \/>\n<link rel=\"canonical\" href=\"https:\/\/vilaula.lt\/en\/maitinimas\/\" \/>\n<meta property=\"og:locale\" content=\"en_US\" \/>\n<meta property=\"og:type\" content=\"article\" \/>\n<meta property=\"og:title\" content=\"Kaimo turizmo sodyba, maitinimo paslaugos\" \/>\n<meta property=\"og:description\" content=\"Kaimo turizmo sodyba ir maitinimo paslaugos yra neatsiejamos viena nuo kitos. Nuomojame vil\u0105 vestuv\u0117ms, gimtadieniams ar \u012fmoni\u0173 \u0161vent\u0117ms. Visi patogumai.\" \/>\n<meta property=\"og:url\" content=\"https:\/\/vilaula.lt\/en\/maitinimas\/\" \/>\n<meta property=\"og:site_name\" content=\"VilaUla.lt\" \/>\n<meta property=\"article:publisher\" content=\"https:\/\/www.facebook.com\/VilaUla\" \/>\n<meta property=\"article:modified_time\" content=\"2022-08-17T12:29:25+00:00\" \/>\n<meta property=\"og:image\" content=\"https:\/\/vilaula.lt\/wp-content\/uploads\/2014\/12\/Simtalapis-700x464.jpg\" \/>\n<meta name=\"twitter:label1\" content=\"Est. reading time\" \/>\n\t<meta name=\"twitter:data1\" content=\"1 minute\" \/>\n<script type=\"application\/ld+json\" class=\"yoast-schema-graph\">{\"@context\":\"https:\/\/schema.org\",\"@graph\":[{\"@type\":\"WebPage\",\"@id\":\"https:\/\/vilaula.lt\/en\/maitinimas\/\",\"url\":\"https:\/\/vilaula.lt\/en\/maitinimas\/\",\"name\":\"Kaimo turizmo sodyba, maitinimo paslaugos\",\"isPartOf\":{\"@id\":\"https:\/\/vilaula.lt\/en\/#website\"},\"primaryImageOfPage\":{\"@id\":\"https:\/\/vilaula.lt\/en\/maitinimas\/#primaryimage\"},\"image\":{\"@id\":\"https:\/\/vilaula.lt\/maitinimas\/#primaryimage\"},\"thumbnailUrl\":\"https:\/\/vilaula.lt\/wp-content\/uploads\/2014\/12\/Simtalapis-700x464.jpg\",\"datePublished\":\"2014-06-04T15:54:30+00:00\",\"dateModified\":\"2022-08-17T12:29:25+00:00\",\"description\":\"Kaimo turizmo sodyba ir maitinimo paslaugos yra neatsiejamos viena nuo kitos. Nuomojame vil\u0105 vestuv\u0117ms, gimtadieniams ar \u012fmoni\u0173 \u0161vent\u0117ms. Visi patogumai.\",\"breadcrumb\":{\"@id\":\"https:\/\/vilaula.lt\/en\/maitinimas\/#breadcrumb\"},\"inLanguage\":\"en-US\",\"potentialAction\":[{\"@type\":\"ReadAction\",\"target\":[[\"https:\/\/vilaula.lt\/en\/maitinimas\/\"]]}]},{\"@type\":\"ImageObject\",\"inLanguage\":\"en-US\",\"@id\":\"https:\/\/vilaula.lt\/en\/maitinimas\/#primaryimage\",\"url\":\"https:\/\/vilaula.lt\/wp-content\/uploads\/2014\/12\/Simtalapis-700x464.jpg\",\"contentUrl\":\"https:\/\/vilaula.lt\/wp-content\/uploads\/2014\/12\/Simtalapis-700x464.jpg\"},{\"@type\":\"BreadcrumbList\",\"@id\":\"https:\/\/vilaula.lt\/en\/maitinimas\/#breadcrumb\",\"itemListElement\":[{\"@type\":\"ListItem\",\"position\":1,\"name\":\"Home\",\"item\":\"https:\/\/vilaula.lt\/en\/\"},{\"@type\":\"ListItem\",\"position\":2,\"name\":\"Maitinimas\"}]},{\"@type\":\"WebSite\",\"@id\":\"https:\/\/vilaula.lt\/en\/#website\",\"url\":\"https:\/\/vilaula.lt\/en\/\",\"name\":\"VilaUla.lt\",\"description\":\"Lakeside stay in the countryside\",\"potentialAction\":[{\"@type\":\"SearchAction\",\"target\":{\"@type\":\"EntryPoint\",\"urlTemplate\":\"https:\/\/vilaula.lt\/en\/?s={search_term_string}\"},\"query-input\":\"required name=search_term_string\"}],\"inLanguage\":\"en-US\"}]}<\/script>\n<!-- \/ Yoast SEO plugin. -->","yoast_head_json":{"title":"Kaimo turizmo sodyba, maitinimo paslaugos","description":"Kaimo turizmo sodyba ir maitinimo paslaugos yra neatsiejamos viena nuo kitos. Nuomojame vil\u0105 vestuv\u0117ms, gimtadieniams ar \u012fmoni\u0173 \u0161vent\u0117ms. Visi patogumai.","robots":{"index":"index","follow":"follow","max-snippet":"max-snippet:-1","max-image-preview":"max-image-preview:large","max-video-preview":"max-video-preview:-1"},"canonical":"https:\/\/vilaula.lt\/en\/maitinimas\/","og_locale":"en_US","og_type":"article","og_title":"Kaimo turizmo sodyba, maitinimo paslaugos","og_description":"Kaimo turizmo sodyba ir maitinimo paslaugos yra neatsiejamos viena nuo kitos. Nuomojame vil\u0105 vestuv\u0117ms, gimtadieniams ar \u012fmoni\u0173 \u0161vent\u0117ms. Visi patogumai.","og_url":"https:\/\/vilaula.lt\/en\/maitinimas\/","og_site_name":"VilaUla.lt","article_publisher":"https:\/\/www.facebook.com\/VilaUla","article_modified_time":"2022-08-17T12:29:25+00:00","og_image":[{"url":"https:\/\/vilaula.lt\/wp-content\/uploads\/2014\/12\/Simtalapis-700x464.jpg"}],"twitter_misc":{"Est. reading time":"1 minute"},"schema":{"@context":"https:\/\/schema.org","@graph":[{"@type":"WebPage","@id":"https:\/\/vilaula.lt\/en\/maitinimas\/","url":"https:\/\/vilaula.lt\/en\/maitinimas\/","name":"Kaimo turizmo sodyba, maitinimo paslaugos","isPartOf":{"@id":"https:\/\/vilaula.lt\/en\/#website"},"primaryImageOfPage":{"@id":"https:\/\/vilaula.lt\/en\/maitinimas\/#primaryimage"},"image":{"@id":"https:\/\/vilaula.lt\/maitinimas\/#primaryimage"},"thumbnailUrl":"https:\/\/vilaula.lt\/wp-content\/uploads\/2014\/12\/Simtalapis-700x464.jpg","datePublished":"2014-06-04T15:54:30+00:00","dateModified":"2022-08-17T12:29:25+00:00","description":"Kaimo turizmo sodyba ir maitinimo paslaugos yra neatsiejamos viena nuo kitos. Nuomojame vil\u0105 vestuv\u0117ms, gimtadieniams ar \u012fmoni\u0173 \u0161vent\u0117ms. Visi patogumai.","breadcrumb":{"@id":"https:\/\/vilaula.lt\/en\/maitinimas\/#breadcrumb"},"inLanguage":"en-US","potentialAction":[{"@type":"ReadAction","target":[["https:\/\/vilaula.lt\/en\/maitinimas\/"]]}]},{"@type":"ImageObject","inLanguage":"en-US","@id":"https:\/\/vilaula.lt\/en\/maitinimas\/#primaryimage","url":"https:\/\/vilaula.lt\/wp-content\/uploads\/2014\/12\/Simtalapis-700x464.jpg","contentUrl":"https:\/\/vilaula.lt\/wp-content\/uploads\/2014\/12\/Simtalapis-700x464.jpg"},{"@type":"BreadcrumbList","@id":"https:\/\/vilaula.lt\/en\/maitinimas\/#breadcrumb","itemListElement":[{"@type":"ListItem","position":1,"name":"Home","item":"https:\/\/vilaula.lt\/en\/"},{"@type":"ListItem","position":2,"name":"Maitinimas"}]},{"@type":"WebSite","@id":"https:\/\/vilaula.lt\/en\/#website","url":"https:\/\/vilaula.lt\/en\/","name":"VilaUla.lt","description":"Lakeside stay in the countryside","potentialAction":[{"@type":"SearchAction","target":{"@type":"EntryPoint","urlTemplate":"https:\/\/vilaula.lt\/en\/?s={search_term_string}"},"query-input":"required name=search_term_string"}],"inLanguage":"en-US"}]}},"_links":{"self":[{"href":"https:\/\/vilaula.lt\/en\/wp-json\/wp\/v2\/pages\/13"}],"collection":[{"href":"https:\/\/vilaula.lt\/en\/wp-json\/wp\/v2\/pages"}],"about":[{"href":"https:\/\/vilaula.lt\/en\/wp-json\/wp\/v2\/types\/page"}],"author":[{"embeddable":true,"href":"https:\/\/vilaula.lt\/en\/wp-json\/wp\/v2\/users\/4"}],"replies":[{"embeddable":true,"href":"https:\/\/vilaula.lt\/en\/wp-json\/wp\/v2\/comments?post=13"}],"version-history":[{"count":22,"href":"https:\/\/vilaula.lt\/en\/wp-json\/wp\/v2\/pages\/13\/revisions"}],"predecessor-version":[{"id":4541,"href":"https:\/\/vilaula.lt\/en\/wp-json\/wp\/v2\/pages\/13\/revisions\/4541"}],"wp:attachment":[{"href":"https:\/\/vilaula.lt\/en\/wp-json\/wp\/v2\/media?parent=13"}],"curies":[{"name":"wp","href":"https:\/\/api.w.org\/{rel}","templated":true}]}}